{"id":3576,"date":"2020-03-06T20:55:25","date_gmt":"2020-03-06T20:55:25","guid":{"rendered":"http:\/\/panolite.com\/panolite-plus\/"},"modified":"2020-03-06T20:58:02","modified_gmt":"2020-03-06T20:58:02","slug":"panolite-plus","status":"publish","type":"page","link":"https:\/\/panolite.com\/en\/panolite-plus\/","title":{"rendered":"Panolite Plus"},"content":{"rendered":"<p><div class=\"fusion-fullwidth fullwidth-box fusion-builder-row-1 nonhundred-percent-fullwidth non-hundred-percent-height-scrolling fusion-equal-height-columns fusion-no-small-visibility fusion-no-medium-visibility\" style=\"--awb-border-radius-top-left:0px;--awb-border-radius-top-right:0px;--awb-border-radius-bottom-right:0px;--awb-border-radius-bottom-left:0px;--awb-padding-top:0px;--awb-padding-right:30px;--awb-padding-bottom:0px;--awb-padding-left:32px;--awb-margin-bottom:30px;--awb-flex-wrap:wrap;--awb-filter:saturate(102%);--awb-filter-transition:filter 0.3s ease;--awb-filter-hover:saturate(100%);\" ><div class=\"fusion-builder-row fusion-row\"><div class=\"fusion-layout-column fusion_builder_column fusion-builder-column-0 fusion_builder_column_2_5 2_5 fusion-two-fifth fusion-column-first\" style=\"--awb-padding-top:89px;--awb-padding-right:92px;--awb-padding-bottom:143px;--awb-padding-left:113px;--awb-bg-color:#eeeae1;--awb-bg-color-hover:#eeeae1;--awb-bg-size:cover;--awb-margin-bottom:0px;width:40%;width:calc(40% - ( ( 0% ) * 0.4 ) );margin-right: 0%;\"><div class=\"fusion-column-wrapper fusion-column-has-shadow fusion-flex-column-wrapper-legacy\"><div class=\"fusion-title title fusion-title-1 fusion-sep-none fusion-title-text fusion-title-size-one\"><h1 class=\"fusion-title-heading title-heading-left\" style=\"margin:0;\"><p><b><br \/>\nPANOLITE ELEMENT<br \/>\n<\/b><\/p><\/h1><\/div><div class=\"fusion-sep-clear\"><\/div><div class=\"fusion-separator fusion-clearfix\" style=\"float:left;margin-bottom:50px;width:100%;max-width:90%;\"><div class=\"fusion-separator-border sep-single sep-solid\" style=\"--awb-height:20px;--awb-amount:20px;--awb-sep-color:#ae9141;border-color:#ae9141;border-top-width:4px;\"><\/div><\/div><div class=\"fusion-sep-clear\"><\/div><div class=\"fusion-text fusion-text-1\"><h2><b>PANOLITE ELEMENT\u2122<\/b> est une composante pr\u00eate \u00e0 \u00eatre utilis\u00e9e, d\u00e9coup\u00e9e sur mesure et fabriqu\u00e9e avec des \u00e9l\u00e9ments d&#8217;encadrement plac\u00e9s strat\u00e9giquement selon les besoins du client. <b>PANOLITE ELEMENT\u2122<\/b> peut \u00eatre utilis\u00e9 avec n&#8217;importe quelle bande de chant et quincaillerie standard, de la m\u00eame mani\u00e8re qu\u2019un panneau traditionnel.<\/h2>\n<\/div><div class=\"fusion-button-wrapper\"><a class=\"fusion-button button-flat button-large button-custom fusion-button-default button-1 fusion-button-default-span fusion-button-default-type\" style=\"--button_accent_color:#2b2b2b;--button_border_color:#1c1c1c;--button_accent_hover_color:#ae9141;--button_border_hover_color:#ae9141;--button_border_width-top:2px;--button_border_width-right:2px;--button_border_width-bottom:2px;--button_border_width-left:2px;--button-border-radius-top-left:2px;--button-border-radius-top-right:2px;--button-border-radius-bottom-right:2px;--button-border-radius-bottom-left:2px;--button_gradient_top_color:rgba(101,188,123,0);--button_gradient_bottom_color:rgba(101,188,123,0);--button_gradient_top_color_hover:rgba(90,168,108,0);--button_gradient_bottom_color_hover:rgba(90,168,108,0);--button_text_transform:uppercase;\" target=\"_self\" href=\"https:\/\/panolite.com\/applications\/\"><span class=\"fusion-button-text\">Applications<\/span><\/a><\/div><div class=\"fusion-clearfix\"><\/div><\/div><\/div><div class=\"fusion-layout-column fusion_builder_column fusion-builder-column-1 fusion_builder_column_3_5 3_5 fusion-three-fifth fusion-column-last\" style=\"--awb-padding-top:14px;--awb-padding-right:69px;--awb-padding-bottom:16px;--awb-padding-left:9px;--awb-bg-color:#eeeae1;--awb-bg-color-hover:#eeeae1;--awb-bg-size:cover;--awb-margin-bottom:0px;width:60%;width:calc(60% - ( ( 0% ) * 0.6 ) );\"><div class=\"fusion-column-wrapper fusion-column-has-shadow fusion-flex-column-wrapper-legacy\"><div class=\"fusion-column-content-centered\"><div class=\"fusion-column-content\"><div class=\"fusion-video fusion-selfhosted-video fusion-aligncenter\" style=\"max-width:100%;\"><div class=\"video-wrapper\"><video playsinline=\"true\" width=\"100%\" style=\"object-fit: cover;\" autoplay=\"true\" muted=\"true\" loop=\"true\" poster=\"http:\/\/panolite.com\/newsite\/wp-content\/uploads\/2020\/02\/6.jpg\" preload=\"metadata\"><source src=\"http:\/\/panolite.com\/newsite\/wp-content\/uploads\/2020\/02\/panolite-element-1.mp4\" type=\"video\/mp4\">Sorry, your browser doesn&#039;t support embedded videos.<\/video><\/div><\/div><\/div><\/div><div class=\"fusion-clearfix\"><\/div><\/div><\/div><\/div><\/div><div class=\"fusion-fullwidth fullwidth-box fusion-builder-row-2 nonhundred-percent-fullwidth non-hundred-percent-height-scrolling fusion-equal-height-columns fusion-no-small-visibility fusion-no-large-visibility\" style=\"--awb-border-radius-top-left:0px;--awb-border-radius-top-right:0px;--awb-border-radius-bottom-right:0px;--awb-border-radius-bottom-left:0px;--awb-padding-top:0px;--awb-padding-right:20px;--awb-padding-bottom:0px;--awb-padding-left:20px;--awb-margin-bottom:30px;--awb-flex-wrap:wrap;--awb-filter:saturate(102%);--awb-filter-transition:filter 0.3s ease;--awb-filter-hover:saturate(100%);\" ><div class=\"fusion-builder-row fusion-row\"><div class=\"fusion-layout-column fusion_builder_column fusion-builder-column-2 fusion_builder_column_2_5 2_5 fusion-two-fifth fusion-column-first\" style=\"--awb-padding-top:3px;--awb-padding-right:17px;--awb-padding-bottom:29px;--awb-padding-left:21px;--awb-bg-color:#eeeae1;--awb-bg-color-hover:#eeeae1;--awb-bg-size:cover;--awb-margin-bottom:0px;width:40%;width:calc(40% - ( ( 0% ) * 0.4 ) );margin-right: 0%;\"><div class=\"fusion-column-wrapper fusion-column-has-shadow fusion-flex-column-wrapper-legacy\"><div class=\"fusion-title title fusion-title-2 fusion-sep-none fusion-title-text fusion-title-size-one\"><h1 class=\"fusion-title-heading title-heading-left\" style=\"margin:0;\"><b><\/p>\n<div style=\"text-align: center;\"><b style=\"color: var(--h1_typography-color); font-family: var(--h1_typography-font-family); font-size: var(--h1_typography-font-size); font-style: var(--h1_typography-font-style,normal); letter-spacing: var(--h1_typography-letter-spacing);\">PANOLITE ELEMENT<\/b><\/div>\n<p><\/b><\/h1><\/div><div class=\"fusion-sep-clear\"><\/div><div class=\"fusion-separator fusion-clearfix\" style=\"float:left;margin-bottom:50px;width:100%;max-width:90%;\"><div class=\"fusion-separator-border sep-single sep-solid\" style=\"--awb-height:20px;--awb-amount:20px;--awb-sep-color:#ae9141;border-color:#ae9141;border-top-width:4px;\"><\/div><\/div><div class=\"fusion-sep-clear\"><\/div><div class=\"fusion-text fusion-text-2\"><h2 data-fontsize=\"19\" data-lineheight=\"28.5px\" class=\"fusion-responsive-typography-calculated\" style=\"text-align: center; --fontSize:19; line-height: 1.5; --minFontSize:19;\"><b>PANOLITE ELEMENT\u2122<\/b> est une composante pr\u00eate \u00e0 \u00eatre utilis\u00e9e, d\u00e9coup\u00e9e sur mesure et fabriqu\u00e9e avec des \u00e9l\u00e9ments d&#8217;encadrement plac\u00e9s strat\u00e9giquement selon les besoins du client. <b>PANOLITE ELEMENT\u2122<\/b> peut \u00eatre utilis\u00e9 avec n&#8217;importe quelle bande de chant et quincaillerie standard, de la m\u00eame mani\u00e8re qu\u2019un panneau traditionnel.<\/h2>\n<\/div><div class=\"fusion-aligncenter\"><a class=\"fusion-button button-flat button-large button-custom fusion-button-default button-2 fusion-button-default-span fusion-button-default-type\" style=\"--button_accent_color:#2b2b2b;--button_border_color:#1c1c1c;--button_accent_hover_color:#ae9141;--button_border_hover_color:#ae9141;--button_border_width-top:2px;--button_border_width-right:2px;--button_border_width-bottom:2px;--button_border_width-left:2px;--button-border-radius-top-left:2px;--button-border-radius-top-right:2px;--button-border-radius-bottom-right:2px;--button-border-radius-bottom-left:2px;--button_gradient_top_color:rgba(101,188,123,0);--button_gradient_bottom_color:rgba(101,188,123,0);--button_gradient_top_color_hover:rgba(90,168,108,0);--button_gradient_bottom_color_hover:rgba(90,168,108,0);--button_text_transform:uppercase;\" target=\"_self\" href=\"https:\/\/panolite.com\/applications\/\"><span class=\"fusion-button-text\">Applications<\/span><\/a><\/div><div class=\"fusion-clearfix\"><\/div><\/div><\/div><div class=\"fusion-layout-column fusion_builder_column fusion-builder-column-3 fusion_builder_column_3_5 3_5 fusion-three-fifth fusion-column-last\" style=\"--awb-padding-top:20px;--awb-padding-right:20px;--awb-padding-bottom:19px;--awb-padding-left:20px;--awb-bg-color:#eeeae1;--awb-bg-color-hover:#eeeae1;--awb-bg-size:cover;--awb-margin-bottom:0px;width:60%;width:calc(60% - ( ( 0% ) * 0.6 ) );\"><div class=\"fusion-column-wrapper fusion-column-has-shadow fusion-flex-column-wrapper-legacy\"><div class=\"fusion-column-content-centered\"><div class=\"fusion-column-content\"><div class=\"fusion-video fusion-selfhosted-video fusion-aligncenter\" style=\"max-width:100%;\"><div class=\"video-wrapper\"><video playsinline=\"true\" width=\"100%\" style=\"object-fit: cover;\" autoplay=\"true\" muted=\"true\" loop=\"true\" poster=\"http:\/\/panolite.com\/newsite\/wp-content\/uploads\/2020\/02\/6.jpg\" preload=\"metadata\"><source src=\"http:\/\/panolite.com\/newsite\/wp-content\/uploads\/2020\/02\/panolite-element-1.mp4\" type=\"video\/mp4\">Sorry, your browser doesn&#039;t support embedded videos.<\/video><\/div><\/div><\/div><\/div><div class=\"fusion-clearfix\"><\/div><\/div><\/div><\/div><\/div><div class=\"fusion-fullwidth fullwidth-box fusion-builder-row-3 nonhundred-percent-fullwidth non-hundred-percent-height-scrolling fusion-equal-height-columns fusion-no-medium-visibility fusion-no-large-visibility\" style=\"--awb-border-radius-top-left:0px;--awb-border-radius-top-right:0px;--awb-border-radius-bottom-right:0px;--awb-border-radius-bottom-left:0px;--awb-padding-top:0px;--awb-padding-right:0px;--awb-padding-bottom:0px;--awb-padding-left:0px;--awb-margin-bottom:0px;--awb-flex-wrap:wrap;--awb-filter:saturate(102%);--awb-filter-transition:filter 0.3s ease;--awb-filter-hover:saturate(100%);\" ><div class=\"fusion-builder-row fusion-row\"><div class=\"fusion-layout-column fusion_builder_column fusion-builder-column-4 fusion_builder_column_2_5 2_5 fusion-two-fifth fusion-column-first\" style=\"--awb-padding-right:20px;--awb-padding-bottom:20px;--awb-padding-left:18px;--awb-bg-color:#eeeae1;--awb-bg-color-hover:#eeeae1;--awb-bg-size:cover;--awb-margin-bottom:0px;width:40%;width:calc(40% - ( ( 0% ) * 0.4 ) );margin-right: 0%;\"><div class=\"fusion-column-wrapper fusion-column-has-shadow fusion-flex-column-wrapper-legacy\"><div class=\"fusion-title title fusion-title-3 fusion-sep-none fusion-title-text fusion-title-size-one\" style=\"--awb-font-size:36px;\"><h1 class=\"fusion-title-heading title-heading-left\" style=\"margin:0;font-size:1em;\"><b><\/p>\n<div style=\"text-align: center;\"><b style=\"color: var(--h1_typography-color); font-family: var(--h1_typography-font-family); font-size: var(--h1_typography-font-size); font-style: var(--h1_typography-font-style,normal); letter-spacing: var(--h1_typography-letter-spacing);\">PANOLITE ELEMENT<\/b><\/div>\n<p><\/b><\/h1><\/div><div class=\"fusion-sep-clear\"><\/div><div class=\"fusion-separator\" style=\"margin-left: auto;margin-right: auto;margin-bottom:50px;width:100%;max-width:90%;\"><div class=\"fusion-separator-border sep-single sep-solid\" style=\"--awb-height:20px;--awb-amount:20px;--awb-sep-color:#ae9141;border-color:#ae9141;border-top-width:4px;\"><\/div><\/div><div class=\"fusion-sep-clear\"><\/div><div class=\"fusion-text fusion-text-3\"><p style=\"text-align: center; --fontSize:19; line-height: 1.5; --minFontSize:19;\"><b style=\"color: rgb(38, 38, 38);\">PANOLITE ELEMENT\u2122<\/b><span style=\"color: rgb(38, 38, 38);\"> est une composante pr\u00eate \u00e0 \u00eatre utilis\u00e9e, d\u00e9coup\u00e9e sur mesure et fabriqu\u00e9e avec des \u00e9l\u00e9ments d&#8217;encadrement plac\u00e9s strat\u00e9giquement selon les besoins du client. <\/span><b style=\"color: rgb(38, 38, 38);\">PANOLITE ELEMENT\u2122<\/b><span style=\"color: rgb(38, 38, 38);\"> peut \u00eatre utilis\u00e9 avec n&#8217;importe quelle bande de chant et quincaillerie standard, de la m\u00eame mani\u00e8re qu\u2019un panneau traditionnel.<\/span><\/p>\n<\/div><div class=\"fusion-aligncenter\"><a class=\"fusion-button button-flat button-small button-custom fusion-button-default button-3 fusion-button-default-span fusion-button-default-type\" style=\"--button_accent_color:#2b2b2b;--button_border_color:#1c1c1c;--button_accent_hover_color:#ae9141;--button_border_hover_color:#ae9141;--button_border_width-top:2px;--button_border_width-right:2px;--button_border_width-bottom:2px;--button_border_width-left:2px;--button-border-radius-top-left:4px;--button-border-radius-top-right:4px;--button-border-radius-bottom-right:4px;--button-border-radius-bottom-left:4px;--button_gradient_top_color:rgba(101,188,123,0);--button_gradient_bottom_color:rgba(101,188,123,0);--button_gradient_top_color_hover:rgba(90,168,108,0);--button_gradient_bottom_color_hover:rgba(90,168,108,0);--button_text_transform:uppercase;\" target=\"_self\" href=\"https:\/\/panolite.com\/applications\/\"><span class=\"fusion-button-text\">Applications<\/span><\/a><\/div><div class=\"fusion-clearfix\"><\/div><\/div><\/div><div class=\"fusion-layout-column fusion_builder_column fusion-builder-column-5 fusion_builder_column_3_5 3_5 fusion-three-fifth fusion-column-last\" style=\"--awb-padding-top:14px;--awb-padding-right:10px;--awb-padding-bottom:10px;--awb-padding-left:9px;--awb-bg-color:#eeeae1;--awb-bg-color-hover:#eeeae1;--awb-bg-size:cover;--awb-margin-bottom:0px;width:60%;width:calc(60% - ( ( 0% ) * 0.6 ) );\"><div class=\"fusion-column-wrapper fusion-column-has-shadow fusion-flex-column-wrapper-legacy\"><div class=\"fusion-column-content-centered\"><div class=\"fusion-column-content\"><div class=\"fusion-video fusion-selfhosted-video fusion-aligncenter\" style=\"max-width:100%;\"><div class=\"video-wrapper\"><video playsinline=\"true\" width=\"100%\" style=\"object-fit: cover;\" autoplay=\"true\" muted=\"true\" loop=\"true\" poster=\"http:\/\/panolite.com\/newsite\/wp-content\/uploads\/2020\/02\/6.jpg\" preload=\"metadata\"><source src=\"http:\/\/panolite.com\/newsite\/wp-content\/uploads\/2020\/02\/panolite-element-1.mp4\" type=\"video\/mp4\">Sorry, your browser doesn&#039;t support embedded videos.<\/video><\/div><\/div><\/div><\/div><div class=\"fusion-clearfix\"><\/div><\/div><\/div><\/div><\/div><\/p>\n","protected":false},"excerpt":{"rendered":"","protected":false},"author":2,"featured_media":0,"parent":0,"menu_order":0,"comment_status":"closed","ping_status":"closed","template":"","meta":{"om_disable_all_campaigns":false,"_monsterinsights_skip_tracking":false,"_monsterinsights_sitenote_active":false,"_monsterinsights_sitenote_note":"","_monsterinsights_sitenote_category":0,"_uf_show_specific_survey":0,"_uf_disable_surveys":false,"footnotes":""},"class_list":["post-3576","page","type-page","status-publish","hentry"],"yoast_head":"<!-- This site is optimized with the Yoast SEO Premium plugin v24.6 (Yoast SEO v24.6) - https:\/\/yoast.com\/wordpress\/plugins\/seo\/ -->\n<title>Panolite Plus - Panolite<\/title>\n<meta name=\"robots\" content=\"index, follow, max-snippet:-1, max-image-preview:large, max-video-preview:-1\" \/>\n<link rel=\"canonical\" href=\"https:\/\/panolite.com\/en\/panolite-plus\/\" \/>\n<meta property=\"og:locale\" content=\"en_US\" \/>\n<meta property=\"og:type\" content=\"article\" \/>\n<meta property=\"og:title\" content=\"Panolite Plus\" \/>\n<meta property=\"og:url\" content=\"https:\/\/panolite.com\/en\/panolite-plus\/\" \/>\n<meta property=\"og:site_name\" content=\"Panolite\" \/>\n<meta property=\"article:publisher\" content=\"https:\/\/www.facebook.com\/Panolite-124415447577796\/\" \/>\n<meta property=\"article:modified_time\" content=\"2020-03-06T20:58:02+00:00\" \/>\n<meta name=\"twitter:card\" content=\"summary_large_image\" \/>\n<meta name=\"twitter:label1\" content=\"Est. reading time\" \/>\n\t<meta name=\"twitter:data1\" content=\"14 minutes\" \/>\n<script type=\"application\/ld+json\" class=\"yoast-schema-graph\">{\"@context\":\"https:\/\/schema.org\",\"@graph\":[{\"@type\":\"WebPage\",\"@id\":\"https:\/\/panolite.com\/en\/panolite-plus\/\",\"url\":\"https:\/\/panolite.com\/en\/panolite-plus\/\",\"name\":\"Panolite Plus - Panolite\",\"isPartOf\":{\"@id\":\"https:\/\/panolite.com\/en\/#website\"},\"datePublished\":\"2020-03-06T20:55:25+00:00\",\"dateModified\":\"2020-03-06T20:58:02+00:00\",\"breadcrumb\":{\"@id\":\"https:\/\/panolite.com\/en\/panolite-plus\/#breadcrumb\"},\"inLanguage\":\"en-US\",\"potentialAction\":[{\"@type\":\"ReadAction\",\"target\":[\"https:\/\/panolite.com\/en\/panolite-plus\/\"]}]},{\"@type\":\"BreadcrumbList\",\"@id\":\"https:\/\/panolite.com\/en\/panolite-plus\/#breadcrumb\",\"itemListElement\":[{\"@type\":\"ListItem\",\"position\":1,\"name\":\"Home\",\"item\":\"https:\/\/panolite.com\/en\/\"},{\"@type\":\"ListItem\",\"position\":2,\"name\":\"Panolite Plus\"}]},{\"@type\":\"WebSite\",\"@id\":\"https:\/\/panolite.com\/en\/#website\",\"url\":\"https:\/\/panolite.com\/en\/\",\"name\":\"Panolite Inc.\",\"description\":\"L\u00e9ger, Fort, Audacieux - Panneaux l\u00e9gers \u00e9co-responsables\",\"publisher\":{\"@id\":\"https:\/\/panolite.com\/en\/#organization\"},\"potentialAction\":[{\"@type\":\"SearchAction\",\"target\":{\"@type\":\"EntryPoint\",\"urlTemplate\":\"https:\/\/panolite.com\/en\/?s={search_term_string}\"},\"query-input\":{\"@type\":\"PropertyValueSpecification\",\"valueRequired\":true,\"valueName\":\"search_term_string\"}}],\"inLanguage\":\"en-US\"},{\"@type\":\"Organization\",\"@id\":\"https:\/\/panolite.com\/en\/#organization\",\"name\":\"Panolite Inc.\",\"url\":\"https:\/\/panolite.com\/en\/\",\"logo\":{\"@type\":\"ImageObject\",\"inLanguage\":\"en-US\",\"@id\":\"https:\/\/panolite.com\/en\/#\/schema\/logo\/image\/\",\"url\":\"https:\/\/panolite.com\/wp-content\/uploads\/2020\/02\/LogoTransp35.png\",\"contentUrl\":\"https:\/\/panolite.com\/wp-content\/uploads\/2020\/02\/LogoTransp35.png\",\"width\":165,\"height\":35,\"caption\":\"Panolite Inc.\"},\"image\":{\"@id\":\"https:\/\/panolite.com\/en\/#\/schema\/logo\/image\/\"},\"sameAs\":[\"https:\/\/www.facebook.com\/Panolite-124415447577796\/\",\"https:\/\/www.linkedin.com\/company\/panolite\",\"https:\/\/www.youtube.com\/channel\/UCMIa-sF7wGgMHWnrqjidmiw\"]}]}<\/script>\n<!-- \/ Yoast SEO Premium plugin. -->","yoast_head_json":{"title":"Panolite Plus - Panolite","robots":{"index":"index","follow":"follow","max-snippet":"max-snippet:-1","max-image-preview":"max-image-preview:large","max-video-preview":"max-video-preview:-1"},"canonical":"https:\/\/panolite.com\/en\/panolite-plus\/","og_locale":"en_US","og_type":"article","og_title":"Panolite Plus","og_url":"https:\/\/panolite.com\/en\/panolite-plus\/","og_site_name":"Panolite","article_publisher":"https:\/\/www.facebook.com\/Panolite-124415447577796\/","article_modified_time":"2020-03-06T20:58:02+00:00","twitter_card":"summary_large_image","twitter_misc":{"Est. reading time":"14 minutes"},"schema":{"@context":"https:\/\/schema.org","@graph":[{"@type":"WebPage","@id":"https:\/\/panolite.com\/en\/panolite-plus\/","url":"https:\/\/panolite.com\/en\/panolite-plus\/","name":"Panolite Plus - Panolite","isPartOf":{"@id":"https:\/\/panolite.com\/en\/#website"},"datePublished":"2020-03-06T20:55:25+00:00","dateModified":"2020-03-06T20:58:02+00:00","breadcrumb":{"@id":"https:\/\/panolite.com\/en\/panolite-plus\/#breadcrumb"},"inLanguage":"en-US","potentialAction":[{"@type":"ReadAction","target":["https:\/\/panolite.com\/en\/panolite-plus\/"]}]},{"@type":"BreadcrumbList","@id":"https:\/\/panolite.com\/en\/panolite-plus\/#breadcrumb","itemListElement":[{"@type":"ListItem","position":1,"name":"Home","item":"https:\/\/panolite.com\/en\/"},{"@type":"ListItem","position":2,"name":"Panolite Plus"}]},{"@type":"WebSite","@id":"https:\/\/panolite.com\/en\/#website","url":"https:\/\/panolite.com\/en\/","name":"Panolite Inc.","description":"L\u00e9ger, Fort, Audacieux - Panneaux l\u00e9gers \u00e9co-responsables","publisher":{"@id":"https:\/\/panolite.com\/en\/#organization"},"potentialAction":[{"@type":"SearchAction","target":{"@type":"EntryPoint","urlTemplate":"https:\/\/panolite.com\/en\/?s={search_term_string}"},"query-input":{"@type":"PropertyValueSpecification","valueRequired":true,"valueName":"search_term_string"}}],"inLanguage":"en-US"},{"@type":"Organization","@id":"https:\/\/panolite.com\/en\/#organization","name":"Panolite Inc.","url":"https:\/\/panolite.com\/en\/","logo":{"@type":"ImageObject","inLanguage":"en-US","@id":"https:\/\/panolite.com\/en\/#\/schema\/logo\/image\/","url":"https:\/\/panolite.com\/wp-content\/uploads\/2020\/02\/LogoTransp35.png","contentUrl":"https:\/\/panolite.com\/wp-content\/uploads\/2020\/02\/LogoTransp35.png","width":165,"height":35,"caption":"Panolite Inc."},"image":{"@id":"https:\/\/panolite.com\/en\/#\/schema\/logo\/image\/"},"sameAs":["https:\/\/www.facebook.com\/Panolite-124415447577796\/","https:\/\/www.linkedin.com\/company\/panolite","https:\/\/www.youtube.com\/channel\/UCMIa-sF7wGgMHWnrqjidmiw"]}]}},"_links":{"self":[{"href":"https:\/\/panolite.com\/en\/wp-json\/wp\/v2\/pages\/3576"}],"collection":[{"href":"https:\/\/panolite.com\/en\/wp-json\/wp\/v2\/pages"}],"about":[{"href":"https:\/\/panolite.com\/en\/wp-json\/wp\/v2\/types\/page"}],"author":[{"embeddable":true,"href":"https:\/\/panolite.com\/en\/wp-json\/wp\/v2\/users\/2"}],"replies":[{"embeddable":true,"href":"https:\/\/panolite.com\/en\/wp-json\/wp\/v2\/comments?post=3576"}],"version-history":[{"count":1,"href":"https:\/\/panolite.com\/en\/wp-json\/wp\/v2\/pages\/3576\/revisions"}],"predecessor-version":[{"id":3577,"href":"https:\/\/panolite.com\/en\/wp-json\/wp\/v2\/pages\/3576\/revisions\/3577"}],"wp:attachment":[{"href":"https:\/\/panolite.com\/en\/wp-json\/wp\/v2\/media?parent=3576"}],"curies":[{"name":"wp","href":"https:\/\/api.w.org\/{rel}","templated":true}]}}